{"id":5,"date":"2009-01-11T19:20:05","date_gmt":"2009-01-11T18:20:05","guid":{"rendered":"http:\/\/www.traveltocaribbean.info\/?page_id=3"},"modified":"2023-01-06T20:51:32","modified_gmt":"2023-01-06T20:51:32","slug":"the-caribbean-ancient-history","status":"publish","type":"page","link":"https:\/\/www.travelimperium.com\/traveltocaribbean\/the-caribbean-ancient-history\/","title":{"rendered":"The Caribbean Ancient History"},"content":{"rendered":"There were once 2 races of American Indians in the Caribbean \u2013 the Caribs, who came from Venezuela and the Ta\u00ednos or Arawaks, who eventually lived in the Bahamas and the Greater Antilles. These 2 races existed during a time when European explorers first took a voyage to the New World. In addition, even before these two groups settled in the Caribbean, the Ciboneys came to the islands around 4,000 to 5,000 years ago.<\/p>\n<p>The Ta\u00ednos, which means \u201cpeace\u201d began inhabiting the islands around a few hundred years B.C. Several explorers from Europe eventually noted that different Arawak tribes lived in several islands in the Caribbean like Puerto Rico, where the Borinquens were, and the Bahamas, which the Lucayans populated. Furthermore, other Ta\u00ednos were living on Jamaica, Cuba and Hispaniola islands.<br \/>\nThe Ta\u00ednos slept and rested in hammocks, celebrated rituals and worshipped a god, both male and female, with the use of stone and wood figurines, which were their icons called \u201czemis\u201d. Since they were near the ocean, it was their main source of food, but they also got food from land. The animals that sustained them were fish, parrots, doves, manatee and other small animals along with different wild fruits and maize and cassava crops. The Ta\u00ednos considered rain, fire, wind and hurricanes as their natural spiritual forces. They also believed in the afterlife and that it was achieved in a dancing place they called \u201ccoyaba\u201d, where everyone was free of hurricanes, hunger or sickness.<\/p>\n<p>Then the Caribs began forcing the Ta\u00ednos out of the Caribbean. But it was the Spaniards who were able to ultimately force the Ta\u00ednos off the islands. While they were looking for gold, the Spaniards <a href=\"https:\/\/www.travelimperium.com\/traveltocaribbean\/wp-content\/uploads\/sites\/13\/caribbean-history.jpg\"><img loading=\"lazy\" decoding=\"async\" class=\"alignright size-medium wp-image-139\" title=\"History of Caribbean\" src=\"https:\/\/www.travelimperium.com\/traveltocaribbean\/wp-content\/uploads\/sites\/13\/caribbean-history-300x225.jpg\" alt=\"History of Caribbean\" width=\"300\" height=\"225\" \/><\/a>eliminated the Ta\u00ednos in less than 50 years. The conquistadors dispatched the Ta\u00ednos tribesmen to South Africa to work in pearl beds and gold mines. However, many Ta\u00ednos escaped this enslavement by committing suicide. The ill-searching for gold continued until the year 1521 when there were larger reserves discovered in Mexico.<\/p>\n<p>Even if the Carib Tribesmen were superstitious, they were not interested in religion at all. The Caribs had their hair dark or black, long and oiled. Parrot feathers, red body paint and necklaces made out of victims\u2019 teeth make up the native clothing of the Caribs. The females tended to the \u201ccarbet\u201d, which was their shelter, while the men went out to hunt for food. And because many of these women were really Arawak captives, they conversed in their own language among themselves.<\/p>\n<h3>Colonization and Independence<\/h3>\n<p>Some islands of the Caribbean were passed from colonizer to colonizer more than twenty times in the Caribbean wars. European imperialists had a war with the Carib Indians while in the 16th century, the Spaniards wiped out the Ta\u00edno tribe as they plundered for gold in the Caribbean. When the Emancipation Act of 1834 was established, slavery in the Caribbean ended. Moreover, the Caribbean no longer became a fighting prize among Europeans as they no longer depended on the islands for sugar and other resources. But the influence of the Europeans can definitely still be understood with how the Caribbean was shaped throughout history.<\/p>\n","protected":false},"excerpt":{"rendered":"<p>There were once 2 races of American Indians in the Caribbean \u2013 the Caribs, who came from Venezuela and the Ta\u00ednos or Arawaks, who eventually lived in the Bahamas and the Greater Antilles. These 2 races existed during a time when European explorers first took a voyage to the New World. In addition, even before&#8230;<\/p>\n","protected":false},"author":1,"featured_media":19,"parent":0,"menu_order":2,"comment_status":"closed","ping_status":"closed","template":"","meta":{"footnotes":""},"yoast_head":"<!-- This site is optimized with the Yoast SEO plugin v19.13 - https:\/\/yoast.com\/wordpress\/plugins\/seo\/ -->\n<title>The Caribbean Ancient History - Travel to Caribbean<\/title>\n<meta name=\"robots\" content=\"index, follow, max-snippet:-1, max-image-preview:large, max-video-preview:-1\" \/>\n<link rel=\"canonical\" href=\"https:\/\/www.travelimperium.com\/traveltocaribbean\/the-caribbean-ancient-history\/\" \/>\n<meta property=\"og:locale\" content=\"en_US\" \/>\n<meta property=\"og:type\" content=\"article\" \/>\n<meta property=\"og:title\" content=\"The Caribbean Ancient History - Travel to Caribbean\" \/>\n<meta property=\"og:description\" content=\"There were once 2 races of American Indians in the Caribbean \u2013 the Caribs, who came from Venezuela and the Ta\u00ednos or Arawaks, who eventually lived in the Bahamas and the Greater Antilles. These 2 races existed during a time when European explorers first took a voyage to the New World. In addition, even before...\" \/>\n<meta property=\"og:url\" content=\"https:\/\/www.travelimperium.com\/traveltocaribbean\/the-caribbean-ancient-history\/\" \/>\n<meta property=\"og:site_name\" content=\"Travel to Caribbean\" \/>\n<meta property=\"article:modified_time\" content=\"2023-01-06T20:51:32+00:00\" \/>\n<meta property=\"og:image\" content=\"https:\/\/www.travelimperium.com\/traveltocaribbean\/wp-content\/uploads\/sites\/13\/caribbean-history.jpg\" \/>\n\t<meta property=\"og:image:width\" content=\"1024\" \/>\n\t<meta property=\"og:image:height\" content=\"768\" \/>\n\t<meta property=\"og:image:type\" content=\"image\/jpeg\" \/>\n<meta name=\"twitter:card\" content=\"summary_large_image\" \/>\n<meta name=\"twitter:label1\" content=\"Est. reading time\" \/>\n\t<meta name=\"twitter:data1\" content=\"3 minutes\" \/>\n<script type=\"application\/ld+json\" class=\"yoast-schema-graph\">{\"@context\":\"https:\/\/schema.org\",\"@graph\":[{\"@type\":\"WebPage\",\"@id\":\"https:\/\/www.travelimperium.com\/traveltocaribbean\/the-caribbean-ancient-history\/\",\"url\":\"https:\/\/www.travelimperium.com\/traveltocaribbean\/the-caribbean-ancient-history\/\",\"name\":\"The Caribbean Ancient History - Travel to Caribbean\",\"isPartOf\":{\"@id\":\"https:\/\/www.travelimperium.com\/traveltocaribbean\/#website\"},\"datePublished\":\"2009-01-11T18:20:05+00:00\",\"dateModified\":\"2023-01-06T20:51:32+00:00\",\"breadcrumb\":{\"@id\":\"https:\/\/www.travelimperium.com\/traveltocaribbean\/the-caribbean-ancient-history\/#breadcrumb\"},\"inLanguage\":\"en-US\",\"potentialAction\":[{\"@type\":\"ReadAction\",\"target\":[\"https:\/\/www.travelimperium.com\/traveltocaribbean\/the-caribbean-ancient-history\/\"]}]},{\"@type\":\"BreadcrumbList\",\"@id\":\"https:\/\/www.travelimperium.com\/traveltocaribbean\/the-caribbean-ancient-history\/#breadcrumb\",\"itemListElement\":[{\"@type\":\"ListItem\",\"position\":1,\"name\":\"Home\",\"item\":\"https:\/\/www.travelimperium.com\/traveltocaribbean\/\"},{\"@type\":\"ListItem\",\"position\":2,\"name\":\"The Caribbean Ancient History\"}]},{\"@type\":\"WebSite\",\"@id\":\"https:\/\/www.travelimperium.com\/traveltocaribbean\/#website\",\"url\":\"https:\/\/www.travelimperium.com\/traveltocaribbean\/\",\"name\":\"Travel to Caribbean\",\"description\":\"\",\"potentialAction\":[{\"@type\":\"SearchAction\",\"target\":{\"@type\":\"EntryPoint\",\"urlTemplate\":\"https:\/\/www.travelimperium.com\/traveltocaribbean\/?s={search_term_string}\"},\"query-input\":\"required name=search_term_string\"}],\"inLanguage\":\"en-US\"}]}<\/script>\n<!-- \/ Yoast SEO plugin. -->","yoast_head_json":{"title":"The Caribbean Ancient History - Travel to Caribbean","robots":{"index":"index","follow":"follow","max-snippet":"max-snippet:-1","max-image-preview":"max-image-preview:large","max-video-preview":"max-video-preview:-1"},"canonical":"https:\/\/www.travelimperium.com\/traveltocaribbean\/the-caribbean-ancient-history\/","og_locale":"en_US","og_type":"article","og_title":"The Caribbean Ancient History - Travel to Caribbean","og_description":"There were once 2 races of American Indians in the Caribbean \u2013 the Caribs, who came from Venezuela and the Ta\u00ednos or Arawaks, who eventually lived in the Bahamas and the Greater Antilles. These 2 races existed during a time when European explorers first took a voyage to the New World. In addition, even before...","og_url":"https:\/\/www.travelimperium.com\/traveltocaribbean\/the-caribbean-ancient-history\/","og_site_name":"Travel to Caribbean","article_modified_time":"2023-01-06T20:51:32+00:00","og_image":[{"width":1024,"height":768,"url":"https:\/\/www.travelimperium.com\/traveltocaribbean\/wp-content\/uploads\/sites\/13\/caribbean-history.jpg","type":"image\/jpeg"}],"twitter_card":"summary_large_image","twitter_misc":{"Est. reading time":"3 minutes"},"schema":{"@context":"https:\/\/schema.org","@graph":[{"@type":"WebPage","@id":"https:\/\/www.travelimperium.com\/traveltocaribbean\/the-caribbean-ancient-history\/","url":"https:\/\/www.travelimperium.com\/traveltocaribbean\/the-caribbean-ancient-history\/","name":"The Caribbean Ancient History - Travel to Caribbean","isPartOf":{"@id":"https:\/\/www.travelimperium.com\/traveltocaribbean\/#website"},"datePublished":"2009-01-11T18:20:05+00:00","dateModified":"2023-01-06T20:51:32+00:00","breadcrumb":{"@id":"https:\/\/www.travelimperium.com\/traveltocaribbean\/the-caribbean-ancient-history\/#breadcrumb"},"inLanguage":"en-US","potentialAction":[{"@type":"ReadAction","target":["https:\/\/www.travelimperium.com\/traveltocaribbean\/the-caribbean-ancient-history\/"]}]},{"@type":"BreadcrumbList","@id":"https:\/\/www.travelimperium.com\/traveltocaribbean\/the-caribbean-ancient-history\/#breadcrumb","itemListElement":[{"@type":"ListItem","position":1,"name":"Home","item":"https:\/\/www.travelimperium.com\/traveltocaribbean\/"},{"@type":"ListItem","position":2,"name":"The Caribbean Ancient History"}]},{"@type":"WebSite","@id":"https:\/\/www.travelimperium.com\/traveltocaribbean\/#website","url":"https:\/\/www.travelimperium.com\/traveltocaribbean\/","name":"Travel to Caribbean","description":"","potentialAction":[{"@type":"SearchAction","target":{"@type":"EntryPoint","urlTemplate":"https:\/\/www.travelimperium.com\/traveltocaribbean\/?s={search_term_string}"},"query-input":"required name=search_term_string"}],"inLanguage":"en-US"}]}},"_links":{"self":[{"href":"https:\/\/www.travelimperium.com\/traveltocaribbean\/wp-json\/wp\/v2\/pages\/5"}],"collection":[{"href":"https:\/\/www.travelimperium.com\/traveltocaribbean\/wp-json\/wp\/v2\/pages"}],"about":[{"href":"https:\/\/www.travelimperium.com\/traveltocaribbean\/wp-json\/wp\/v2\/types\/page"}],"author":[{"embeddable":true,"href":"https:\/\/www.travelimperium.com\/traveltocaribbean\/wp-json\/wp\/v2\/users\/1"}],"replies":[{"embeddable":true,"href":"https:\/\/www.travelimperium.com\/traveltocaribbean\/wp-json\/wp\/v2\/comments?post=5"}],"version-history":[{"count":0,"href":"https:\/\/www.travelimperium.com\/traveltocaribbean\/wp-json\/wp\/v2\/pages\/5\/revisions"}],"wp:featuredmedia":[{"embeddable":true,"href":"https:\/\/www.travelimperium.com\/traveltocaribbean\/wp-json\/wp\/v2\/media\/19"}],"wp:attachment":[{"href":"https:\/\/www.travelimperium.com\/traveltocaribbean\/wp-json\/wp\/v2\/media?parent=5"}],"curies":[{"name":"wp","href":"https:\/\/api.w.org\/{rel}","templated":true}]}}